{"id":71,"date":"2021-03-28T08:06:44","date_gmt":"2021-03-28T08:06:44","guid":{"rendered":"https:\/\/domdetmana.com\/%d0%b8%d1%81%d1%82%d0%be%d1%80%d0%b8%d1%8f-%d0%b4%d0%be%d0%bc%d0%b0\/"},"modified":"2023-01-15T19:30:06","modified_gmt":"2023-01-15T19:30:06","slug":"%d0%b8%d1%81%d1%82%d0%be%d1%80%d0%b8%d1%8f-%d0%b4%d0%be%d0%bc%d0%b0","status":"publish","type":"page","link":"https:\/\/domdetmana.com\/lt\/","title":{"rendered":"Namo istorija"},"content":{"rendered":"<section class=\"l-section wpb_row height_medium\"><div class=\"l-section-h i-cf\"><div class=\"g-cols vc_row type_default valign_top\"><div class=\"vc_col-sm-12 wpb_column vc_column_container\"><div class=\"vc_column-inner\"><div class=\"wpb_wrapper\"><div class=\"wpb_text_column\" ><div class=\"wpb_wrapper\"><h1 style=\"text-align: center;\">Dettmann namai Rygoje<\/h1>\n<\/div><\/div><\/div><\/div><\/div><\/div><\/div><\/section><section class=\"l-section wpb_row height_medium\"><div class=\"l-section-h i-cf\"><div class=\"g-cols vc_row type_default valign_top\"><div class=\"vc_col-sm-6 wpb_column vc_column_container\"><div class=\"vc_column-inner\"><div class=\"wpb_wrapper\"><div class=\"wpb_text_column\" ><div class=\"wpb_wrapper\"><p>Senamies\u010dio gatv\u0117s mena Rygos praeit\u012f. Senoji pirkli\u0173 gatv\u0117, T\u012brgonu gatv\u0117, &#8211; tai s\u0117kmingo Rygos pirklio istorija. Pirm\u0105 kart\u0105 pavadinimas &#8222;plateamercatorum&#8221; \u0161iai miesto gatvei buvo suteiktas XIV a., ir nuo to laiko jis niekada nesikeit\u0117, tik \u017emon\u0117s j\u012f priderino prie savo kalbos: voki\u0161ka &#8222;Kaufstrasse&#8221;, rusi\u0161ka &#8222;Merchant&#8221; ir latvi\u0161ka &#8222;Tirgo\u0146u&#8221; yra viena ir ta pati gatv\u0117. Atrodo, kad garbingi Hanzos pirkliai visada buvo gerbiami. Gatv\u0117s pavadinimas liko nepaliestas, ta\u010diau laikas nepagail\u0117jo Pirkli\u0173 gatv\u0117s statyb\u0173, ta\u010diau \u010dia i\u0161liko labai \u012fdomus namas, kurio istorij\u0105 noriu papasakoti.<\/p>\n<\/div><\/div><\/div><\/div><\/div><div class=\"vc_col-sm-6 wpb_column vc_column_container\"><div class=\"vc_column-inner\"><div class=\"wpb_wrapper\"><div class=\"w-image align_none\"><div class=\"w-image-h\"><img loading=\"lazy\" decoding=\"async\" width=\"1024\" height=\"655\" src=\"https:\/\/domdetmana.com\/wp-content\/uploads\/2021\/03\/1-Riga-Tirgonu-iela-1910-KFFDA.jpg\" class=\"attachment-full size-full\" alt=\"\" srcset=\"https:\/\/domdetmana.com\/wp-content\/uploads\/2021\/03\/1-Riga-Tirgonu-iela-1910-KFFDA.jpg 1024w, https:\/\/domdetmana.com\/wp-content\/uploads\/2021\/03\/1-Riga-Tirgonu-iela-1910-KFFDA-300x192.jpg 300w\" sizes=\"auto, (max-width: 1024px) 100vw, 1024px\" \/><\/div><\/div><\/div><\/div><\/div><\/div><\/div><\/section><section class=\"l-section wpb_row height_medium color_alternate\"><div class=\"l-section-h i-cf\"><div class=\"g-cols vc_row type_default valign_top\"><div class=\"vc_col-sm-6 wpb_column vc_column_container\"><div class=\"vc_column-inner\"><div class=\"wpb_wrapper\"><div class=\"w-image align_none\"><div class=\"w-image-h\"><img loading=\"lazy\" decoding=\"async\" width=\"765\" height=\"701\" src=\"https:\/\/domdetmana.com\/wp-content\/uploads\/2021\/03\/2-Dettmann.jpg\" class=\"attachment-full size-full\" alt=\"\" srcset=\"https:\/\/domdetmana.com\/wp-content\/uploads\/2021\/03\/2-Dettmann.jpg 765w, https:\/\/domdetmana.com\/wp-content\/uploads\/2021\/03\/2-Dettmann-300x275.jpg 300w\" sizes=\"auto, (max-width: 765px) 100vw, 765px\" \/><\/div><\/div><\/div><\/div><\/div><div class=\"vc_col-sm-6 wpb_column vc_column_container\"><div class=\"vc_column-inner\"><div class=\"wpb_wrapper\"><div class=\"wpb_text_column\" ><div class=\"wpb_wrapper\"><p>Tai n\u0117ra seniausias miesto pastatas, ta\u010diau jam buvo lemta tapti brangiausiu namu Senojoje Rygoje. Min\u0117tas pastatas yra Tirgonyu gatv\u0117je 4. J\u012f savo parduotuvei kadaise pastat\u0117 antrosios gildijos pirklys, Vokietijos imperijos pilietis, optikas Heinrichas Dettmannas. Karjeros prad\u017eioje jis tur\u0117jo nedidel\u0119 parduotuv\u0117l\u0119 Meistaru gatv\u0117je, netoli Ma\u017eosios gildijos. \u0160ioje parduotuv\u0117je galite \u012fsigyti \u012fvairi\u0173 r\u0117meli\u0173: auksini\u0173, rago, nikeliuot\u0173, apskritai, koki\u0173 tik norite. Taip pat buvo \u012fvairi\u0173 optini\u0173 prietais\u0173: mikroskop\u0173, stereoskop\u0173 ir \u017ei\u016bron\u0173. Dettmanas taip pat prekiavo termometrais, barometrais ir kitais prietaisais, tur\u0117jo nedidel\u0119 stiklo ir ma\u0161in\u0173 dirbtuv\u0119. Ta\u010diau Heinrichas i\u0161gars\u0117jo ne tuo.<\/p>\n<\/div><\/div><\/div><\/div><\/div><\/div><\/div><\/section><section class=\"l-section wpb_row height_medium\"><div class=\"l-section-h i-cf\"><div class=\"g-cols vc_row type_default valign_top\"><div class=\"vc_col-sm-12 wpb_column vc_column_container\"><div class=\"vc_column-inner\"><div class=\"wpb_wrapper\"><div class=\"wpb_text_column\" ><div class=\"wpb_wrapper\"><p>1883 m. amatinink\u0173 sal\u0117je buvo u\u017esakyta nauja elektros \u012franga, o Heinrichas Dettmannas dalyvavo j\u0105 montuojant kaip technikas. \u0160i veikla jam patiko ir jis vis labiau dom\u0117josi elektromechanika. 1887 m. Heinrichas jau atstovavo kelioms Berlyno elektromechanikos \u012fmon\u0117ms ir nusprend\u0117 \u012fkurti savo gamykl\u0105. Sankt Peterburgo kelio pakra\u0161tyje jis nusipirko 1200 sa\u017een\u0173 sklyp\u0105 ir \u012fk\u016br\u0117 nedidel\u0119 gamykl\u0105, kuri buvo pavadinta Hermano Dettmanno Rusijos ir Baltijos \u0161ali\u0173 elektromechanikos gamykla. U\u017esakymai gamyklos produkcijai buvo gaunami be perstojo: \u012franga Politechnikos mokyklos laboratorijoms, dinamo ma\u0161inos miesto elektrin\u0117s darbui, beje, \u010dia buvo sumontuota pirmoji Rygoje dinama, kuri buvo sumontuota \u0160midto cemento gamykloje Ilgucieme. Dettmanno verslas klest\u0117jo.<\/p>\n<\/div><\/div><\/div><\/div><\/div><\/div><\/div><\/section><section class=\"l-section wpb_row height_medium color_alternate\"><div class=\"l-section-h i-cf\"><div class=\"g-cols vc_row type_default valign_top\"><div class=\"vc_col-sm-6 wpb_column vc_column_container\"><div class=\"vc_column-inner\"><div class=\"wpb_wrapper\"><div class=\"wpb_text_column\" ><div class=\"wpb_wrapper\"><p>Elektra buvo ateitis, ir XIX a. pabaigoje net patys konservatyviausi carin\u0117s Rusijos pareig\u016bnai tai puikiai suprato. S\u0117kmingai dirbusiam Dettmannui, kuris vykd\u0117 u\u017esakymus ne tik Baltijos \u0161ali\u0173 klientams, bet ir imperatoriui (Henriko fabrikas gamino dinaminus caro traukiniui), i\u0161kilo kli\u016b\u010di\u0173, ir netrukus jo fabrik\u0105 nupirko Rusijos ir Vokietijos bendrov\u0117 &#8222;Union&#8221;. V\u0117liau gamykla tapo Vokietijos koncerno AEG dalimi, o v\u0117liau, pakeitusi kelis pavadinimus ir savininkus, tapo gerai pa\u017e\u012fstama VEF. Pastatai, kadaise pastatyti Dettmanno l\u0117\u0161omis, dar ir \u0161iandien simbolizuoja \u0161i\u0105 legendin\u0119 gamykl\u0105. Ta\u010diau pa\u010diam Dettmannui liko naujojo fabriko ir jo optini\u0173 gamini\u0173 parduotuv\u0117s direktoriaus pareigos.<\/p>\n<p>&nbsp;<\/p>\n<p>Kol savininkas buvo u\u017esi\u0117m\u0119s elektromechanikos gamyklos reikalais, jo parduotuv\u0117 keliavo po senamiest\u012f, o paskutinis jos adresas buvo Tirgonjou gatv\u0117je. Pardav\u0119s gamykl\u0105, Heinrichas nusprend\u0117 mieste \u012fsigyti nuosav\u0105 \u017eem\u0117s sklyp\u0105 ir \u010dia \u012frengti savo parduotuv\u0119. T\u012brgonyu gatv\u0117 tam puikiai tiko. Jis kreip\u0117si \u012f namo Nr. 4 savinink\u0105 Kreis\u0105, pra\u0161ydamas parduoti pastat\u0105 kartu su \u017eem\u0117s sklypu. Ryga dabar yra ma\u017eas miestas, o tada buvo dar ma\u017eesn\u0117. Krei\u0161as \u017einojo, kad Dettmanas neseniai pardav\u0117 gamykl\u0105 u\u017e 1200 aukso rubli\u0173. Ir antrosios gildijos pirklys sutiko.<\/p>\n<\/div><\/div><\/div><\/div><\/div><div class=\"vc_col-sm-6 wpb_column vc_column_container\"><div class=\"vc_column-inner\"><div class=\"wpb_wrapper\"><div class=\"w-image align_none\"><div class=\"w-image-h\"><img loading=\"lazy\" decoding=\"async\" width=\"804\" height=\"593\" src=\"https:\/\/domdetmana.com\/wp-content\/uploads\/2021\/03\/5-Projekt-20Plan.jpg\" class=\"attachment-full size-full\" alt=\"\" srcset=\"https:\/\/domdetmana.com\/wp-content\/uploads\/2021\/03\/5-Projekt-20Plan.jpg 804w, https:\/\/domdetmana.com\/wp-content\/uploads\/2021\/03\/5-Projekt-20Plan-300x221.jpg 300w\" sizes=\"auto, (max-width: 804px) 100vw, 804px\" \/><\/div><\/div><\/div><\/div><\/div><\/div><\/div><\/section><section class=\"l-section wpb_row height_medium\"><div class=\"l-section-h i-cf\"><div class=\"g-cols vc_row type_default valign_top\"><div class=\"vc_col-sm-6 wpb_column vc_column_container\"><div class=\"vc_column-inner\"><div class=\"wpb_wrapper\"><div class=\"w-image align_none\"><div class=\"w-image-h\"><img loading=\"lazy\" decoding=\"async\" width=\"826\" height=\"601\" src=\"https:\/\/domdetmana.com\/wp-content\/uploads\/2021\/03\/6-Atlantis.jpg\" class=\"attachment-full size-full\" alt=\"\" srcset=\"https:\/\/domdetmana.com\/wp-content\/uploads\/2021\/03\/6-Atlantis.jpg 826w, https:\/\/domdetmana.com\/wp-content\/uploads\/2021\/03\/6-Atlantis-300x218.jpg 300w\" sizes=\"auto, (max-width: 826px) 100vw, 826px\" \/><\/div><\/div><\/div><\/div><\/div><div class=\"vc_col-sm-6 wpb_column vc_column_container\"><div class=\"vc_column-inner\"><div class=\"wpb_wrapper\"><div class=\"wpb_text_column\" ><div class=\"wpb_wrapper\"><p>Detmano namas buvo geras: auk\u0161tas ir siauras, su laiptuotu frontonu ir m\u016brin\u0117mis sienomis, tokius namus da\u017enai galima pamatyti senamies\u010diuose Baltijos j\u016bros pakrant\u0117je. Ir vis d\u0117lto tai buvo XX am\u017eiaus vaikas: pirmuosiuose dviejuose auk\u0161tuose buvo \u012fsik\u016brusi optikos parduotuv\u0117 su dideliais, pla\u010diais langais ir vitrinomis. \u0160iek tiek auk\u0161\u010diau buvo gyvenamosios patalpos ir biurai. Pastato fasadas dekoruotas tuo metu madingu secesijos stiliumi. Be tipi\u0161k\u0173 g\u0117li\u0173 motyv\u0173 ir skulpt\u016br\u0173, fasad\u0105 puo\u0161\u0117 daugyb\u0117 kaltin\u0117s gele\u017eies element\u0173, groteli\u0173 ir lang\u0173 r\u0117m\u0173. Fasado \u0161onuose yra dvi skulpt\u016brin\u0117s hermos: \u012f vir\u0161\u0173 \u017evelgianti moteris ir \u012f apa\u010di\u0105 ni\u016briai \u017evelgiantis vyras, bandantis nutraukti rankas suri\u0161an\u010dias grandines.<\/p>\n<\/div><\/div><\/div><\/div><\/div><\/div><\/div><\/section><section class=\"l-section wpb_row height_medium color_alternate\"><div class=\"l-section-h i-cf\"><div class=\"g-cols vc_row type_default valign_top\"><div class=\"vc_col-sm-6 wpb_column vc_column_container\"><div class=\"vc_column-inner\"><div class=\"wpb_wrapper\"><div class=\"wpb_text_column\" ><div class=\"wpb_wrapper\"><p>Deja, Dettmannas nesp\u0117jo pasid\u017eiaugti savo namais &#8211; mir\u0117 pra\u0117jus metams po j\u0173 statybos pabaigos. Jam buvo tik 46 metai. Jis taip pat nesulauk\u0117 savo antrojo sumanymo \u012fgyvendinimo pabaigos. Sklypas, kur\u012f jis kadaise nusipirko i\u0161 Krei\u0161o, buvo su vaizdu \u012f \u0160ukioni\u0173 gatv\u0119. \u010cia jau buvo \u012frengti antrojo pastato korpuso pamatai. \u0160\u012f kart\u0105 projekt\u0105 projektavo tik &#8222;Scheffel and Scheffel&#8221;. Tai tikras secesijos \u0161edevras. Pastatas pana\u0161us \u012f Tyrg\u00f6n\u00fc gatv\u0117s kvartal\u0105: dviejuose apatiniuose auk\u0161tuose ir r\u016bsyje veikia parduotuv\u0117, o vir\u0161utiniuose auk\u0161tuose \u012frengti butai. Visas fasadas nutinkuotas ir papuo\u0161tas tikru akmeniniu g\u0117lynu: erdv\u0119 tarp pastato lang\u0173 u\u017epildo i\u0161sikeroj\u0119 ka\u0161tonai, lyg gyvat\u0117s \u0161liau\u017eiojan\u010dios aguonos, kukl\u016bs narcizai ir lieknos kaip alaviniai kareiv\u0117liai ausys. Ant fasado v\u0117l matyti kaltin\u0117s gele\u017eies g\u0117l\u0117s ir grotel\u0117s. Ma\u017euose ornamentuotuose skyduose yra lotyni\u0161ka raid\u0117 &#8222;D&#8221; &#8211; taip palikuonys \u012fam\u017eino Heinricho Dettmanno vard\u0105.<\/p>\n<\/div><\/div><\/div><\/div><\/div><div class=\"vc_col-sm-6 wpb_column vc_column_container\"><div class=\"vc_column-inner\"><div class=\"wpb_wrapper\"><div class=\"w-image align_none\"><div class=\"w-image-h\"><img loading=\"lazy\" decoding=\"async\" width=\"1920\" height=\"1280\" src=\"https:\/\/domdetmana.com\/wp-content\/uploads\/2021\/03\/Hostel-Oldtown-1-1.jpg\" class=\"attachment-full size-full\" alt=\"\" srcset=\"https:\/\/domdetmana.com\/wp-content\/uploads\/2021\/03\/Hostel-Oldtown-1-1.jpg 1920w, https:\/\/domdetmana.com\/wp-content\/uploads\/2021\/03\/Hostel-Oldtown-1-1-300x200.jpg 300w, https:\/\/domdetmana.com\/wp-content\/uploads\/2021\/03\/Hostel-Oldtown-1-1-1024x683.jpg 1024w\" sizes=\"auto, (max-width: 1920px) 100vw, 1920px\" \/><\/div><\/div><\/div><\/div><\/div><\/div><\/div><\/section><section class=\"l-section wpb_row height_medium\"><div class=\"l-section-h i-cf\"><div class=\"g-cols vc_row type_default valign_top\"><div class=\"vc_col-sm-6 wpb_column vc_column_container\"><div class=\"vc_column-inner\"><div class=\"wpb_wrapper\"><div class=\"w-image align_none\"><div class=\"w-image-h\"><img loading=\"lazy\" decoding=\"async\" width=\"694\" height=\"1024\" src=\"https:\/\/domdetmana.com\/wp-content\/uploads\/2021\/03\/10-Foto0170-1968-694x1024.jpg\" class=\"attachment-large size-large\" alt=\"\" srcset=\"https:\/\/domdetmana.com\/wp-content\/uploads\/2021\/03\/10-Foto0170-1968-694x1024.jpg 694w, https:\/\/domdetmana.com\/wp-content\/uploads\/2021\/03\/10-Foto0170-1968-203x300.jpg 203w, https:\/\/domdetmana.com\/wp-content\/uploads\/2021\/03\/10-Foto0170-1968.jpg 1071w\" sizes=\"auto, (max-width: 694px) 100vw, 694px\" \/><\/div><\/div><\/div><\/div><\/div><div class=\"vc_col-sm-6 wpb_column vc_column_container\"><div class=\"vc_column-inner\"><div class=\"wpb_wrapper\"><div class=\"wpb_text_column\" ><div class=\"wpb_wrapper\"><p>Jie nusprend\u0117 atidaryti kavin\u0119 ir restoran\u0105 adresu Tirgonya 4. Dettmano optikos patalpos tam puikiai tiko. Jie nusprend\u0117 pirmame auk\u0161te \u012frengti bar\u0105, o antrame auk\u0161te &#8211; pagrindin\u0119 kavin\u0117s sal\u0119 su 45 s\u0117dimomis vietomis. Plano reng\u0117jai nusprend\u0117 sukurti viet\u0105 pagal paties pastato dvasi\u0105 ir pripildyti j\u0105 XX a. prad\u017eios atmosfera; jie net sugalvojo romanti\u0161k\u0105 pavadinim\u0105 &#8222;M\u0117lynoji pauk\u0161t\u0117&#8221;. Sunku pasakyti, kas paskatino architektus pavadinti j\u0105 1908 m. Maurice&#8217;o Maeterlincko pjese ar 1964 m. Maskvoje atidaryta to paties pavadinimo jaunimo kavine. Interjero dizaineriai, architektas J. Lapinsas ir dailininkas L. Alksnis, suprojektavo m\u0117lynai balt\u0105 kavin\u0117s spalvin\u0119 gam\u0105 su puo\u0161niu secesijos dekoru. M\u0117lyni pauk\u0161\u010diai skraid\u0117 visur: ant sien\u0173, groteli\u0173 vingiuose, ant spalving\u0173 vitra\u017e\u0173 ir net ant dur\u0173 ranken\u0173. Pastato fasadas taip pat buvo atnaujintas, o vir\u0161 \u012f\u0117jimo, kaip ir anks\u010diau, atsirado i\u0161kaba su restorano pavadinimu. Pirmajame auk\u0161te taip pat i\u0161liko senoji parduotuv\u0117s \u012franga: medin\u0117s plok\u0161t\u0117s, laiptai ir ketaus kolonos su susuktais kapiteliais.<\/p>\n<\/div><\/div><div class=\"w-separator size_medium\"><\/div><div class=\"w-image align_none\"><div class=\"w-image-h\"><img loading=\"lazy\" decoding=\"async\" width=\"900\" height=\"516\" src=\"https:\/\/domdetmana.com\/wp-content\/uploads\/2021\/03\/11-DSC01747.jpg\" class=\"attachment-large size-large\" alt=\"\" srcset=\"https:\/\/domdetmana.com\/wp-content\/uploads\/2021\/03\/11-DSC01747.jpg 900w, https:\/\/domdetmana.com\/wp-content\/uploads\/2021\/03\/11-DSC01747-300x172.jpg 300w\" sizes=\"auto, (max-width: 900px) 100vw, 900px\" \/><\/div><\/div><div class=\"wpb_text_column\" ><div class=\"wpb_wrapper\"><div align=\"center\">\n<p>Kavin\u0117s &#8222;Blue Bird Caf\u00e9&#8221; interjero dizainas<\/p>\n<\/div>\n<\/div><\/div><\/div><\/div><\/div><\/div><\/div><\/section><section class=\"l-section wpb_row height_medium color_alternate\"><div class=\"l-section-h i-cf\"><div class=\"g-cols vc_row type_default valign_top\"><div class=\"vc_col-sm-6 wpb_column vc_column_container\"><div class=\"vc_column-inner\"><div class=\"wpb_wrapper\"><div class=\"wpb_text_column\" ><div class=\"wpb_wrapper\"><p>Deja, kavin\u0117 nepateisino l\u016bkes\u010di\u0173. I\u0161 prad\u017ei\u0173 \u010dia da\u017enai rinkdavosi \u012fmon\u0117s, \u0161v\u0119sdavo jubiliejus ir \u012fmoni\u0173 susib\u016brimus. Netrukus pasipyl\u0117 skundai d\u0117l &#8222;M\u0117lynosios pauk\u0161t\u0117s&#8221;: indai neplauti, stalties\u0117s ne\u0161varios, aptarnavimas nemandagus. Su klystkeliais buvo kovojama energingai, ta\u010diau tai neprid\u0117jo patrauklumo. Ta\u010diau pats namas sp\u0117jo su\u017eib\u0117ti visos \u0161alies kino ekranuose. 1980 m. pasirod\u0117 Viktoro Georgijevo filmas &#8222;Idealus vyras&#8221;, kuriame Ryga pagal tradicij\u0105 vaizduoja London\u0105. Tirgo\u0146u gatv\u0117s 4 namas virto prabangiu &#8222;Claridges&#8221; vie\u0161bu\u010diu, kuriame gudrioji ponia \u010civli, kuri\u0105 vaidino puikioji Liudmila Gur\u010denko, gro\u017e\u0117josi vaizdu \u012f Vestminsterio r\u016bmus. Filmavimo metu restorano i\u0161kaba nebuvo nuimta, tod\u0117l &#8222;M\u0117lynoji pauk\u0161t\u0117&#8221; tapo Londono vie\u0161bu\u010dio restoranu.<\/p>\n<\/div><\/div><\/div><\/div><\/div><div class=\"vc_col-sm-6 wpb_column vc_column_container\"><div class=\"vc_column-inner\"><div class=\"wpb_wrapper\"><div class=\"w-image align_none\"><div class=\"w-image-h\"><img loading=\"lazy\" decoding=\"async\" width=\"1024\" height=\"547\" src=\"https:\/\/domdetmana.com\/wp-content\/uploads\/2021\/03\/12-Claridges-20I-1--1024x547.jpg\" class=\"attachment-large size-large\" alt=\"\u041a\u0430\u0434\u0440 \u0438\u0437 \u0444\u0438\u043b\u044c\u043c\u0430 \u00ab\u0418\u0434\u0435\u0430\u043b\u044c\u043d\u044b\u0439 \u043c\u0443\u0436\u00bb\" srcset=\"https:\/\/domdetmana.com\/wp-content\/uploads\/2021\/03\/12-Claridges-20I-1--1024x547.jpg 1024w, https:\/\/domdetmana.com\/wp-content\/uploads\/2021\/03\/12-Claridges-20I-1--300x160.jpg 300w, https:\/\/domdetmana.com\/wp-content\/uploads\/2021\/03\/12-Claridges-20I-1-.jpg 1280w\" sizes=\"auto, (max-width: 1024px) 100vw, 1024px\" \/><\/div><\/div><div class=\"wpb_text_column\" ><div class=\"wpb_wrapper\"><div align=\"center\">\n<p>Kadras i\u0161 filmo &#8222;Tobulas vyras<\/p>\n<\/div>\n<\/div><\/div><\/div><\/div><\/div><\/div><\/div><\/section><section class=\"l-section wpb_row height_medium\"><div class=\"l-section-h i-cf\"><div class=\"g-cols vc_row type_default valign_top\"><div class=\"vc_col-sm-12 wpb_column vc_column_container\"><div class=\"vc_column-inner\"><div class=\"wpb_wrapper\"><div class=\"wpb_text_column\" ><div class=\"wpb_wrapper\"><p>Nuo tada Tirgonjou 4 \u012fsik\u016br\u0117 kavin\u0117s ir restoranai, bet, deja, jie veikia neilgai. &#8222;Blue Bird&#8221; veik\u0117 iki de\u0161imtojo de\u0161imtme\u010dio vidurio ir i\u0161gars\u0117jo tuo, kad vienas pirm\u0173j\u0173 prad\u0117jo priimti debeto korteles. J\u0105 pakeit\u0117 demokrati\u0161ka &#8222;Coffee nation&#8221;, ta\u010diau \u0161i kavin\u0117 ilgai nei\u0161silaik\u0117. Kitas atidarytas restoranas &#8211; &#8222;Hospital&#8221;, ta\u010diau norin\u010di\u0173j\u0173 valgyti prie operacinio stalo s\u0117dint ne\u012fgaliojo ve\u017eim\u0117lyje buvo nedaug, tod\u0117l \u012fstaiga netrukus buvo u\u017edaryta. XXI am\u017eiuje &#8222;Le Paon Bleu&#8221;, arba &#8222;M\u0117lynasis povas&#8221;, nusprend\u0117 t\u0119sti &#8222;M\u0117lynojo pauk\u0161\u010dio&#8221; tradicijas. Kiekvienas restoranas steng\u0117si \u012f pastato interjer\u0105 \u012fne\u0161ti ka\u017ek\u0105 ypatingo. Per visus \u0161iuos pertvarkymus buvo sunaikintas visas Dettmanno parduotuv\u0117s interjeras; i\u0161liko tik ketaus kolonos su g\u0117li\u0173 stulpais.<\/p>\n<\/div><\/div><\/div><\/div><\/div><\/div><\/div><\/section>\n","protected":false},"excerpt":{"rendered":"Dettmann namai Rygoje Senamies\u010dio gatv\u0117s mena Rygos praeit\u012f. Senoji pirkli\u0173 gatv\u0117, T\u012brgonu gatv\u0117, &#8211; tai s\u0117kmingo Rygos pirklio istorija. Pirm\u0105 kart\u0105 pavadinimas &#8222;plateamercatorum&#8221; \u0161iai miesto gatvei buvo suteiktas XIV a., ir nuo to laiko jis niekada nesikeit\u0117, tik \u017emon\u0117s j\u012f priderino prie savo kalbos: voki\u0161ka &#8222;Kaufstrasse&#8221;, rusi\u0161ka &#8222;Merchant&#8221; ir latvi\u0161ka &#8222;Tirgo\u0146u&#8221; yra viena ir ta...","protected":false},"author":1,"featured_media":0,"parent":0,"menu_order":0,"comment_status":"closed","ping_status":"closed","template":"","meta":{"_acf_changed":false,"footnotes":""},"class_list":["post-71","page","type-page","status-publish","hentry"],"acf":[],"yoast_head":"<!-- This site is optimized with the Yoast SEO plugin v25.2 - https:\/\/yoast.com\/wordpress\/plugins\/seo\/ -->\n<title>Namo istorija - \u0414\u043e\u043c \u0414\u0435\u0442\u043c\u0430\u043d\u0430<\/title>\n<meta name=\"robots\" content=\"index, follow, max-snippet:-1, max-image-preview:large, max-video-preview:-1\" \/>\n<link rel=\"canonical\" href=\"https:\/\/domdetmana.com\/lt\/\" \/>\n<meta property=\"og:locale\" content=\"lt_LT\" \/>\n<meta property=\"og:type\" content=\"article\" \/>\n<meta property=\"og:title\" content=\"Namo istorija - \u0414\u043e\u043c \u0414\u0435\u0442\u043c\u0430\u043d\u0430\" \/>\n<meta property=\"og:url\" content=\"https:\/\/domdetmana.com\/lt\/\" \/>\n<meta property=\"og:site_name\" content=\"\u0414\u043e\u043c \u0414\u0435\u0442\u043c\u0430\u043d\u0430\" \/>\n<meta property=\"article:modified_time\" content=\"2023-01-15T19:30:06+00:00\" \/>\n<meta name=\"twitter:card\" content=\"summary_large_image\" \/>\n<meta name=\"twitter:label1\" content=\"Est. reading time\" \/>\n\t<meta name=\"twitter:data1\" content=\"6 minut\u0117s\" \/>\n<script type=\"application\/ld+json\" class=\"yoast-schema-graph\">{\"@context\":\"https:\/\/schema.org\",\"@graph\":[{\"@type\":\"WebPage\",\"@id\":\"https:\/\/domdetmana.com\/lt\/\",\"url\":\"https:\/\/domdetmana.com\/lt\/\",\"name\":\"Namo istorija - \u0414\u043e\u043c \u0414\u0435\u0442\u043c\u0430\u043d\u0430\",\"isPartOf\":{\"@id\":\"https:\/\/domdetmana.com\/lt\/#website\"},\"datePublished\":\"2021-03-28T08:06:44+00:00\",\"dateModified\":\"2023-01-15T19:30:06+00:00\",\"breadcrumb\":{\"@id\":\"https:\/\/domdetmana.com\/lt\/#breadcrumb\"},\"inLanguage\":\"lt-LT\",\"potentialAction\":[{\"@type\":\"ReadAction\",\"target\":[\"https:\/\/domdetmana.com\/lt\/\"]}]},{\"@type\":\"BreadcrumbList\",\"@id\":\"https:\/\/domdetmana.com\/lt\/#breadcrumb\",\"itemListElement\":[{\"@type\":\"ListItem\",\"position\":1,\"name\":\"Home\",\"item\":\"https:\/\/domdetmana.com\/lt\/\"},{\"@type\":\"ListItem\",\"position\":2,\"name\":\"Namo istorija\"}]},{\"@type\":\"WebSite\",\"@id\":\"https:\/\/domdetmana.com\/lt\/#website\",\"url\":\"https:\/\/domdetmana.com\/lt\/\",\"name\":\"\u0414\u043e\u043c \u0414\u0435\u0442\u043c\u0430\u043d\u0430\",\"description\":\"Just another WordPress site\",\"potentialAction\":[{\"@type\":\"SearchAction\",\"target\":{\"@type\":\"EntryPoint\",\"urlTemplate\":\"https:\/\/domdetmana.com\/lt\/?s={search_term_string}\"},\"query-input\":{\"@type\":\"PropertyValueSpecification\",\"valueRequired\":true,\"valueName\":\"search_term_string\"}}],\"inLanguage\":\"lt-LT\"}]}<\/script>\n<!-- \/ Yoast SEO plugin. -->","yoast_head_json":{"title":"Namo istorija - \u0414\u043e\u043c \u0414\u0435\u0442\u043c\u0430\u043d\u0430","robots":{"index":"index","follow":"follow","max-snippet":"max-snippet:-1","max-image-preview":"max-image-preview:large","max-video-preview":"max-video-preview:-1"},"canonical":"https:\/\/domdetmana.com\/lt\/","og_locale":"lt_LT","og_type":"article","og_title":"Namo istorija - \u0414\u043e\u043c \u0414\u0435\u0442\u043c\u0430\u043d\u0430","og_url":"https:\/\/domdetmana.com\/lt\/","og_site_name":"\u0414\u043e\u043c \u0414\u0435\u0442\u043c\u0430\u043d\u0430","article_modified_time":"2023-01-15T19:30:06+00:00","twitter_card":"summary_large_image","twitter_misc":{"Est. reading time":"6 minut\u0117s"},"schema":{"@context":"https:\/\/schema.org","@graph":[{"@type":"WebPage","@id":"https:\/\/domdetmana.com\/lt\/","url":"https:\/\/domdetmana.com\/lt\/","name":"Namo istorija - \u0414\u043e\u043c \u0414\u0435\u0442\u043c\u0430\u043d\u0430","isPartOf":{"@id":"https:\/\/domdetmana.com\/lt\/#website"},"datePublished":"2021-03-28T08:06:44+00:00","dateModified":"2023-01-15T19:30:06+00:00","breadcrumb":{"@id":"https:\/\/domdetmana.com\/lt\/#breadcrumb"},"inLanguage":"lt-LT","potentialAction":[{"@type":"ReadAction","target":["https:\/\/domdetmana.com\/lt\/"]}]},{"@type":"BreadcrumbList","@id":"https:\/\/domdetmana.com\/lt\/#breadcrumb","itemListElement":[{"@type":"ListItem","position":1,"name":"Home","item":"https:\/\/domdetmana.com\/lt\/"},{"@type":"ListItem","position":2,"name":"Namo istorija"}]},{"@type":"WebSite","@id":"https:\/\/domdetmana.com\/lt\/#website","url":"https:\/\/domdetmana.com\/lt\/","name":"\u0414\u043e\u043c \u0414\u0435\u0442\u043c\u0430\u043d\u0430","description":"Just another WordPress site","potentialAction":[{"@type":"SearchAction","target":{"@type":"EntryPoint","urlTemplate":"https:\/\/domdetmana.com\/lt\/?s={search_term_string}"},"query-input":{"@type":"PropertyValueSpecification","valueRequired":true,"valueName":"search_term_string"}}],"inLanguage":"lt-LT"}]}},"_links":{"self":[{"href":"https:\/\/domdetmana.com\/lt\/wp-json\/wp\/v2\/pages\/71","targetHints":{"allow":["GET"]}}],"collection":[{"href":"https:\/\/domdetmana.com\/lt\/wp-json\/wp\/v2\/pages"}],"about":[{"href":"https:\/\/domdetmana.com\/lt\/wp-json\/wp\/v2\/types\/page"}],"author":[{"embeddable":true,"href":"https:\/\/domdetmana.com\/lt\/wp-json\/wp\/v2\/users\/1"}],"replies":[{"embeddable":true,"href":"https:\/\/domdetmana.com\/lt\/wp-json\/wp\/v2\/comments?post=71"}],"version-history":[{"count":3,"href":"https:\/\/domdetmana.com\/lt\/wp-json\/wp\/v2\/pages\/71\/revisions"}],"predecessor-version":[{"id":104,"href":"https:\/\/domdetmana.com\/lt\/wp-json\/wp\/v2\/pages\/71\/revisions\/104"}],"wp:attachment":[{"href":"https:\/\/domdetmana.com\/lt\/wp-json\/wp\/v2\/media?parent=71"}],"curies":[{"name":"wp","href":"https:\/\/api.w.org\/{rel}","templated":true}]}}